{"id":458,"date":"2022-02-02T18:42:12","date_gmt":"2022-02-02T18:42:12","guid":{"rendered":"https:\/\/ncfloslibertadores.cl\/?page_id=458"},"modified":"2022-02-09T14:28:18","modified_gmt":"2022-02-09T14:28:18","slug":"empresa","status":"publish","type":"page","link":"https:\/\/ncfloslibertadores.cl\/index.php\/empresa\/","title":{"rendered":"Empresa"},"content":{"rendered":"\t\t<div data-elementor-type=\"wp-page\" data-elementor-id=\"458\" class=\"elementor elementor-458\" data-elementor-post-type=\"page\">\n\t\t\t\t\t\t<section class=\"elementor-section elementor-top-section elementor-element elementor-element-6bdcc94 elementor-section-content-middle elementor-section-boxed elementor-section-height-default elementor-section-height-default\" data-id=\"6bdcc94\" data-element_type=\"section\" data-e-type=\"section\" data-settings=\"{&quot;background_background&quot;:&quot;classic&quot;}\">\n\t\t\t\t\t\t<div class=\"elementor-container elementor-column-gap-no\">\n\t\t\t\t\t<div class=\"elementor-column elementor-col-100 elementor-top-column elementor-element elementor-element-4c01a14\" data-id=\"4c01a14\" data-element_type=\"column\" data-e-type=\"column\">\n\t\t\t<div class=\"elementor-widget-wrap elementor-element-populated\">\n\t\t\t\t\t\t<section class=\"elementor-section elementor-inner-section elementor-element elementor-element-5bf7d86 elementor-section-content-middle elementor-section-boxed elementor-section-height-default elementor-section-height-default\" data-id=\"5bf7d86\" data-element_type=\"section\" data-e-type=\"section\">\n\t\t\t\t\t\t<div class=\"elementor-container elementor-column-gap-no\">\n\t\t\t\t\t<div class=\"elementor-column elementor-col-50 elementor-inner-column elementor-element elementor-element-7e3252b\" data-id=\"7e3252b\" data-element_type=\"column\" data-e-type=\"column\">\n\t\t\t<div class=\"elementor-widget-wrap elementor-element-populated\">\n\t\t\t\t\t\t<div class=\"elementor-element elementor-element-98d6b8c elementor-widget__width-inherit elementor-widget elementor-widget-theme-site-logo elementor-widget-image\" data-id=\"98d6b8c\" data-element_type=\"widget\" data-e-type=\"widget\" data-widget_type=\"theme-site-logo.default\">\n\t\t\t\t<div class=\"elementor-widget-container\">\n\t\t\t\t\t\t\t\t\t\t\t<a href=\"https:\/\/ncfloslibertadores.cl\">\n\t\t\t<img decoding=\"async\" width=\"223\" height=\"94\" src=\"https:\/\/ncfloslibertadores.cl\/wp-content\/uploads\/2022\/02\/lib_chile.webp\" class=\"attachment-full size-full wp-image-56\" alt=\"\" \/>\t\t\t\t<\/a>\n\t\t\t\t\t\t\t\t\t\t\t<\/div>\n\t\t\t\t<\/div>\n\t\t\t\t\t<\/div>\n\t\t<\/div>\n\t\t\t\t<div class=\"elementor-column elementor-col-50 elementor-inner-column elementor-element elementor-element-4429086\" data-id=\"4429086\" data-element_type=\"column\" data-e-type=\"column\">\n\t\t\t<div class=\"elementor-widget-wrap elementor-element-populated\">\n\t\t\t\t\t\t<div class=\"elementor-element elementor-element-bbae507 elementor-widget__width-inherit elementor-nav-menu__align-center elementor-nav-menu--stretch elementor-hidden-tablet elementor-hidden-mobile elementor-nav-menu--dropdown-tablet elementor-nav-menu__text-align-aside elementor-nav-menu--toggle elementor-nav-menu--burger elementor-widget elementor-widget-nav-menu\" data-id=\"bbae507\" data-element_type=\"widget\" data-e-type=\"widget\" data-settings=\"{&quot;full_width&quot;:&quot;stretch&quot;,&quot;layout&quot;:&quot;horizontal&quot;,&quot;submenu_icon&quot;:{&quot;value&quot;:&quot;&lt;i class=\\&quot;fas fa-caret-down\\&quot; aria-hidden=\\&quot;true\\&quot;&gt;&lt;\\\/i&gt;&quot;,&quot;library&quot;:&quot;fa-solid&quot;},&quot;toggle&quot;:&quot;burger&quot;}\" data-widget_type=\"nav-menu.default\">\n\t\t\t\t<div class=\"elementor-widget-container\">\n\t\t\t\t\t\t\t\t<nav aria-label=\"Men\u00fa\" class=\"elementor-nav-menu--main elementor-nav-menu__container elementor-nav-menu--layout-horizontal e--pointer-background e--animation-fade\">\n\t\t\t\t<ul id=\"menu-1-bbae507\" class=\"elementor-nav-menu\"><li class=\"menu-item menu-item-type-custom menu-item-object-custom menu-item-home menu-item-828\"><a href=\"http:\/\/ncfloslibertadores.cl\" class=\"elementor-item\">Inicio<\/a><\/li>\n<li class=\"menu-item menu-item-type-custom menu-item-object-custom menu-item-has-children menu-item-28\"><a href=\"#\" class=\"elementor-item elementor-item-anchor\">Corporativo<\/a>\n<ul class=\"sub-menu elementor-nav-menu--dropdown\">\n\t<li class=\"menu-item menu-item-type-post_type menu-item-object-page menu-item-479\"><a href=\"https:\/\/ncfloslibertadores.cl\/index.php\/empresa\/\" class=\"elementor-sub-item\">Empresa<\/a><\/li>\n\t<li class=\"menu-item menu-item-type-post_type menu-item-object-page menu-item-602\"><a href=\"https:\/\/ncfloslibertadores.cl\/index.php\/servicios-usuarios\/\" class=\"elementor-sub-item\">Servicios Usuarios<\/a><\/li>\n\t<li class=\"menu-item menu-item-type-post_type menu-item-object-page menu-item-638\"><a href=\"https:\/\/ncfloslibertadores.cl\/index.php\/servicios-funcionarios\/\" class=\"elementor-sub-item\">Servicios Funcionarios<\/a><\/li>\n\t<li class=\"menu-item menu-item-type-post_type menu-item-object-page menu-item-353\"><a href=\"https:\/\/ncfloslibertadores.cl\/index.php\/autoridades\/\" class=\"elementor-sub-item\">Autoridades<\/a><\/li>\n\t<li class=\"menu-item menu-item-type-post_type menu-item-object-page menu-item-641\"><a href=\"https:\/\/ncfloslibertadores.cl\/index.php\/extracto-rso\/\" class=\"elementor-sub-item\">Extracto RSO<\/a><\/li>\n<\/ul>\n<\/li>\n<li class=\"menu-item menu-item-type-post_type menu-item-object-page menu-item-574\"><a href=\"https:\/\/ncfloslibertadores.cl\/index.php\/recomendaciones-viaje\/\" class=\"elementor-item\">Recomendaciones Viaje<\/a><\/li>\n<li class=\"menu-item menu-item-type-post_type menu-item-object-page menu-item-546\"><a href=\"https:\/\/ncfloslibertadores.cl\/index.php\/formularios\/\" class=\"elementor-item\">Formularios<\/a><\/li>\n<li class=\"menu-item menu-item-type-post_type menu-item-object-page menu-item-264\"><a href=\"https:\/\/ncfloslibertadores.cl\/index.php\/tramites-en-frontera\/\" class=\"elementor-item\">Tr\u00e1mites en Frontera<\/a><\/li>\n<li class=\"menu-item menu-item-type-post_type menu-item-object-page menu-item-485\"><a href=\"https:\/\/ncfloslibertadores.cl\/index.php\/sernatur\/\" class=\"elementor-item\">Sernatur<\/a><\/li>\n<li class=\"menu-item menu-item-type-post_type menu-item-object-page menu-item-820\"><a href=\"https:\/\/ncfloslibertadores.cl\/index.php\/contacto\/\" class=\"elementor-item\">Contacto<\/a><\/li>\n<\/ul>\t\t\t<\/nav>\n\t\t\t\t\t<div class=\"elementor-menu-toggle\" role=\"button\" tabindex=\"0\" aria-label=\"Alternar men\u00fa\" aria-expanded=\"false\">\n\t\t\t<i aria-hidden=\"true\" role=\"presentation\" class=\"elementor-menu-toggle__icon--open eicon-menu-bar\"><\/i><i aria-hidden=\"true\" role=\"presentation\" class=\"elementor-menu-toggle__icon--close eicon-close\"><\/i>\t\t<\/div>\n\t\t\t\t\t<nav class=\"elementor-nav-menu--dropdown elementor-nav-menu__container\" aria-hidden=\"true\">\n\t\t\t\t<ul id=\"menu-2-bbae507\" class=\"elementor-nav-menu\"><li class=\"menu-item menu-item-type-custom menu-item-object-custom menu-item-home menu-item-828\"><a href=\"http:\/\/ncfloslibertadores.cl\" class=\"elementor-item\" tabindex=\"-1\">Inicio<\/a><\/li>\n<li class=\"menu-item menu-item-type-custom menu-item-object-custom menu-item-has-children menu-item-28\"><a href=\"#\" class=\"elementor-item elementor-item-anchor\" tabindex=\"-1\">Corporativo<\/a>\n<ul class=\"sub-menu elementor-nav-menu--dropdown\">\n\t<li class=\"menu-item menu-item-type-post_type menu-item-object-page menu-item-479\"><a href=\"https:\/\/ncfloslibertadores.cl\/index.php\/empresa\/\" class=\"elementor-sub-item\" tabindex=\"-1\">Empresa<\/a><\/li>\n\t<li class=\"menu-item menu-item-type-post_type menu-item-object-page menu-item-602\"><a href=\"https:\/\/ncfloslibertadores.cl\/index.php\/servicios-usuarios\/\" class=\"elementor-sub-item\" tabindex=\"-1\">Servicios Usuarios<\/a><\/li>\n\t<li class=\"menu-item menu-item-type-post_type menu-item-object-page menu-item-638\"><a href=\"https:\/\/ncfloslibertadores.cl\/index.php\/servicios-funcionarios\/\" class=\"elementor-sub-item\" tabindex=\"-1\">Servicios Funcionarios<\/a><\/li>\n\t<li class=\"menu-item menu-item-type-post_type menu-item-object-page menu-item-353\"><a href=\"https:\/\/ncfloslibertadores.cl\/index.php\/autoridades\/\" class=\"elementor-sub-item\" tabindex=\"-1\">Autoridades<\/a><\/li>\n\t<li class=\"menu-item menu-item-type-post_type menu-item-object-page menu-item-641\"><a href=\"https:\/\/ncfloslibertadores.cl\/index.php\/extracto-rso\/\" class=\"elementor-sub-item\" tabindex=\"-1\">Extracto RSO<\/a><\/li>\n<\/ul>\n<\/li>\n<li class=\"menu-item menu-item-type-post_type menu-item-object-page menu-item-574\"><a href=\"https:\/\/ncfloslibertadores.cl\/index.php\/recomendaciones-viaje\/\" class=\"elementor-item\" tabindex=\"-1\">Recomendaciones Viaje<\/a><\/li>\n<li class=\"menu-item menu-item-type-post_type menu-item-object-page menu-item-546\"><a href=\"https:\/\/ncfloslibertadores.cl\/index.php\/formularios\/\" class=\"elementor-item\" tabindex=\"-1\">Formularios<\/a><\/li>\n<li class=\"menu-item menu-item-type-post_type menu-item-object-page menu-item-264\"><a href=\"https:\/\/ncfloslibertadores.cl\/index.php\/tramites-en-frontera\/\" class=\"elementor-item\" tabindex=\"-1\">Tr\u00e1mites en Frontera<\/a><\/li>\n<li class=\"menu-item menu-item-type-post_type menu-item-object-page menu-item-485\"><a href=\"https:\/\/ncfloslibertadores.cl\/index.php\/sernatur\/\" class=\"elementor-item\" tabindex=\"-1\">Sernatur<\/a><\/li>\n<li class=\"menu-item menu-item-type-post_type menu-item-object-page menu-item-820\"><a href=\"https:\/\/ncfloslibertadores.cl\/index.php\/contacto\/\" class=\"elementor-item\" tabindex=\"-1\">Contacto<\/a><\/li>\n<\/ul>\t\t\t<\/nav>\n\t\t\t\t\t\t<\/div>\n\t\t\t\t<\/div>\n\t\t\t\t<div class=\"elementor-element elementor-element-1beae8f elementor-widget__width-inherit elementor-nav-menu__align-center elementor-nav-menu--stretch elementor-widget-tablet__width-inherit elementor-hidden-desktop elementor-nav-menu--dropdown-tablet elementor-nav-menu__text-align-aside elementor-nav-menu--toggle elementor-nav-menu--burger elementor-widget elementor-widget-nav-menu\" data-id=\"1beae8f\" data-element_type=\"widget\" data-e-type=\"widget\" data-settings=\"{&quot;full_width&quot;:&quot;stretch&quot;,&quot;layout&quot;:&quot;horizontal&quot;,&quot;submenu_icon&quot;:{&quot;value&quot;:&quot;&lt;i class=\\&quot;fas fa-caret-down\\&quot; aria-hidden=\\&quot;true\\&quot;&gt;&lt;\\\/i&gt;&quot;,&quot;library&quot;:&quot;fa-solid&quot;},&quot;toggle&quot;:&quot;burger&quot;}\" data-widget_type=\"nav-menu.default\">\n\t\t\t\t<div class=\"elementor-widget-container\">\n\t\t\t\t\t\t\t\t<nav aria-label=\"Men\u00fa\" class=\"elementor-nav-menu--main elementor-nav-menu__container elementor-nav-menu--layout-horizontal e--pointer-background e--animation-fade\">\n\t\t\t\t<ul id=\"menu-1-1beae8f\" class=\"elementor-nav-menu\"><li class=\"menu-item menu-item-type-custom menu-item-object-custom menu-item-home menu-item-828\"><a href=\"http:\/\/ncfloslibertadores.cl\" class=\"elementor-item\">Inicio<\/a><\/li>\n<li class=\"menu-item menu-item-type-custom menu-item-object-custom menu-item-has-children menu-item-28\"><a href=\"#\" class=\"elementor-item elementor-item-anchor\">Corporativo<\/a>\n<ul class=\"sub-menu elementor-nav-menu--dropdown\">\n\t<li class=\"menu-item menu-item-type-post_type menu-item-object-page menu-item-479\"><a href=\"https:\/\/ncfloslibertadores.cl\/index.php\/empresa\/\" class=\"elementor-sub-item\">Empresa<\/a><\/li>\n\t<li class=\"menu-item menu-item-type-post_type menu-item-object-page menu-item-602\"><a href=\"https:\/\/ncfloslibertadores.cl\/index.php\/servicios-usuarios\/\" class=\"elementor-sub-item\">Servicios Usuarios<\/a><\/li>\n\t<li class=\"menu-item menu-item-type-post_type menu-item-object-page menu-item-638\"><a href=\"https:\/\/ncfloslibertadores.cl\/index.php\/servicios-funcionarios\/\" class=\"elementor-sub-item\">Servicios Funcionarios<\/a><\/li>\n\t<li class=\"menu-item menu-item-type-post_type menu-item-object-page menu-item-353\"><a href=\"https:\/\/ncfloslibertadores.cl\/index.php\/autoridades\/\" class=\"elementor-sub-item\">Autoridades<\/a><\/li>\n\t<li class=\"menu-item menu-item-type-post_type menu-item-object-page menu-item-641\"><a href=\"https:\/\/ncfloslibertadores.cl\/index.php\/extracto-rso\/\" class=\"elementor-sub-item\">Extracto RSO<\/a><\/li>\n<\/ul>\n<\/li>\n<li class=\"menu-item menu-item-type-post_type menu-item-object-page menu-item-574\"><a href=\"https:\/\/ncfloslibertadores.cl\/index.php\/recomendaciones-viaje\/\" class=\"elementor-item\">Recomendaciones Viaje<\/a><\/li>\n<li class=\"menu-item menu-item-type-post_type menu-item-object-page menu-item-546\"><a href=\"https:\/\/ncfloslibertadores.cl\/index.php\/formularios\/\" class=\"elementor-item\">Formularios<\/a><\/li>\n<li class=\"menu-item menu-item-type-post_type menu-item-object-page menu-item-264\"><a href=\"https:\/\/ncfloslibertadores.cl\/index.php\/tramites-en-frontera\/\" class=\"elementor-item\">Tr\u00e1mites en Frontera<\/a><\/li>\n<li class=\"menu-item menu-item-type-post_type menu-item-object-page menu-item-485\"><a href=\"https:\/\/ncfloslibertadores.cl\/index.php\/sernatur\/\" class=\"elementor-item\">Sernatur<\/a><\/li>\n<li class=\"menu-item menu-item-type-post_type menu-item-object-page menu-item-820\"><a href=\"https:\/\/ncfloslibertadores.cl\/index.php\/contacto\/\" class=\"elementor-item\">Contacto<\/a><\/li>\n<\/ul>\t\t\t<\/nav>\n\t\t\t\t\t<div class=\"elementor-menu-toggle\" role=\"button\" tabindex=\"0\" aria-label=\"Alternar men\u00fa\" aria-expanded=\"false\">\n\t\t\t<i aria-hidden=\"true\" role=\"presentation\" class=\"elementor-menu-toggle__icon--open eicon-menu-bar\"><\/i><i aria-hidden=\"true\" role=\"presentation\" class=\"elementor-menu-toggle__icon--close eicon-close\"><\/i>\t\t<\/div>\n\t\t\t\t\t<nav class=\"elementor-nav-menu--dropdown elementor-nav-menu__container\" aria-hidden=\"true\">\n\t\t\t\t<ul id=\"menu-2-1beae8f\" class=\"elementor-nav-menu\"><li class=\"menu-item menu-item-type-custom menu-item-object-custom menu-item-home menu-item-828\"><a href=\"http:\/\/ncfloslibertadores.cl\" class=\"elementor-item\" tabindex=\"-1\">Inicio<\/a><\/li>\n<li class=\"menu-item menu-item-type-custom menu-item-object-custom menu-item-has-children menu-item-28\"><a href=\"#\" class=\"elementor-item elementor-item-anchor\" tabindex=\"-1\">Corporativo<\/a>\n<ul class=\"sub-menu elementor-nav-menu--dropdown\">\n\t<li class=\"menu-item menu-item-type-post_type menu-item-object-page menu-item-479\"><a href=\"https:\/\/ncfloslibertadores.cl\/index.php\/empresa\/\" class=\"elementor-sub-item\" tabindex=\"-1\">Empresa<\/a><\/li>\n\t<li class=\"menu-item menu-item-type-post_type menu-item-object-page menu-item-602\"><a href=\"https:\/\/ncfloslibertadores.cl\/index.php\/servicios-usuarios\/\" class=\"elementor-sub-item\" tabindex=\"-1\">Servicios Usuarios<\/a><\/li>\n\t<li class=\"menu-item menu-item-type-post_type menu-item-object-page menu-item-638\"><a href=\"https:\/\/ncfloslibertadores.cl\/index.php\/servicios-funcionarios\/\" class=\"elementor-sub-item\" tabindex=\"-1\">Servicios Funcionarios<\/a><\/li>\n\t<li class=\"menu-item menu-item-type-post_type menu-item-object-page menu-item-353\"><a href=\"https:\/\/ncfloslibertadores.cl\/index.php\/autoridades\/\" class=\"elementor-sub-item\" tabindex=\"-1\">Autoridades<\/a><\/li>\n\t<li class=\"menu-item menu-item-type-post_type menu-item-object-page menu-item-641\"><a href=\"https:\/\/ncfloslibertadores.cl\/index.php\/extracto-rso\/\" class=\"elementor-sub-item\" tabindex=\"-1\">Extracto RSO<\/a><\/li>\n<\/ul>\n<\/li>\n<li class=\"menu-item menu-item-type-post_type menu-item-object-page menu-item-574\"><a href=\"https:\/\/ncfloslibertadores.cl\/index.php\/recomendaciones-viaje\/\" class=\"elementor-item\" tabindex=\"-1\">Recomendaciones Viaje<\/a><\/li>\n<li class=\"menu-item menu-item-type-post_type menu-item-object-page menu-item-546\"><a href=\"https:\/\/ncfloslibertadores.cl\/index.php\/formularios\/\" class=\"elementor-item\" tabindex=\"-1\">Formularios<\/a><\/li>\n<li class=\"menu-item menu-item-type-post_type menu-item-object-page menu-item-264\"><a href=\"https:\/\/ncfloslibertadores.cl\/index.php\/tramites-en-frontera\/\" class=\"elementor-item\" tabindex=\"-1\">Tr\u00e1mites en Frontera<\/a><\/li>\n<li class=\"menu-item menu-item-type-post_type menu-item-object-page menu-item-485\"><a href=\"https:\/\/ncfloslibertadores.cl\/index.php\/sernatur\/\" class=\"elementor-item\" tabindex=\"-1\">Sernatur<\/a><\/li>\n<li class=\"menu-item menu-item-type-post_type menu-item-object-page menu-item-820\"><a href=\"https:\/\/ncfloslibertadores.cl\/index.php\/contacto\/\" class=\"elementor-item\" tabindex=\"-1\">Contacto<\/a><\/li>\n<\/ul>\t\t\t<\/nav>\n\t\t\t\t\t\t<\/div>\n\t\t\t\t<\/div>\n\t\t\t\t\t<\/div>\n\t\t<\/div>\n\t\t\t\t\t<\/div>\n\t\t<\/section>\n\t\t\t\t<section class=\"elementor-section elementor-inner-section elementor-element elementor-element-7480ee9 elementor-section-full_width elementor-section-height-default elementor-section-height-default\" data-id=\"7480ee9\" data-element_type=\"section\" data-e-type=\"section\">\n\t\t\t\t\t\t<div class=\"elementor-container elementor-column-gap-no\">\n\t\t\t\t\t<div class=\"elementor-column elementor-col-100 elementor-inner-column elementor-element elementor-element-ea6dbef\" data-id=\"ea6dbef\" data-element_type=\"column\" data-e-type=\"column\" data-settings=\"{&quot;background_background&quot;:&quot;classic&quot;}\">\n\t\t\t<div class=\"elementor-widget-wrap elementor-element-populated\">\n\t\t\t\t\t\t<div class=\"elementor-element elementor-element-025e76b elementor-widget__width-initial elementor-widget elementor-widget-heading\" data-id=\"025e76b\" data-element_type=\"widget\" data-e-type=\"widget\" data-widget_type=\"heading.default\">\n\t\t\t\t<div class=\"elementor-widget-container\">\n\t\t\t\t\t<h2 class=\"elementor-heading-title elementor-size-default\">SOCIEDAD CONCESIONARIA<br>\nNUEVO COMPLEJO FRONTERIZO LOS LIBERTADORES S.A.<\/h2>\t\t\t\t<\/div>\n\t\t\t\t<\/div>\n\t\t\t\t<div class=\"elementor-element elementor-element-153cd4e elementor-widget__width-initial elementor-widget-mobile__width-inherit elementor-widget elementor-widget-text-editor\" data-id=\"153cd4e\" data-element_type=\"widget\" data-e-type=\"widget\" data-widget_type=\"text-editor.default\">\n\t\t\t\t<div class=\"elementor-widget-container\">\n\t\t\t\t\t\t\t\t\t<p><span style=\"color: #000000;\">Con fecha 19 de marzo de 2015, se adjudic\u00f3 mediante Decreto Supremo del Ministerio de Obras P\u00fablicas (el \u201cMOP\u201d) el contrato para la ejecuci\u00f3n, reparaci\u00f3n, conservaci\u00f3n y explotaci\u00f3n de la concesi\u00f3n de la obra p\u00fablica fiscal denominada \u201cNuevo Complejo Fronterizo Los Libertadores\u201d (en adelante, la \u201cConcesi\u00f3n\u201d o el \u201cNuevo Complejo Fronterizo\u201d), por el periodo de 186 meses. Sociedad Concesionaria Nuevo Complejo Fronterizo Los Libertadores es una Sociedad An\u00f3nima Cerrada Chilena que forma parte del grupo econ\u00f3mico ACS.<\/span><\/p>\t\t\t\t\t\t\t\t<\/div>\n\t\t\t\t<\/div>\n\t\t\t\t<div class=\"elementor-element elementor-element-42e0a23 elementor-widget__width-initial elementor-widget-mobile__width-inherit elementor-widget elementor-widget-image\" data-id=\"42e0a23\" data-element_type=\"widget\" data-e-type=\"widget\" data-widget_type=\"image.default\">\n\t\t\t\t<div class=\"elementor-widget-container\">\n\t\t\t\t\t\t\t\t\t\t\t\t\t\t\t<img fetchpriority=\"high\" decoding=\"async\" width=\"1280\" height=\"718\" src=\"https:\/\/ncfloslibertadores.cl\/wp-content\/uploads\/2022\/02\/empresa.jpeg\" class=\"attachment-full size-full wp-image-759\" alt=\"\" srcset=\"https:\/\/ncfloslibertadores.cl\/wp-content\/uploads\/2022\/02\/empresa.jpeg 1280w, https:\/\/ncfloslibertadores.cl\/wp-content\/uploads\/2022\/02\/empresa-300x168.jpeg 300w, https:\/\/ncfloslibertadores.cl\/wp-content\/uploads\/2022\/02\/empresa-1024x574.jpeg 1024w, https:\/\/ncfloslibertadores.cl\/wp-content\/uploads\/2022\/02\/empresa-768x431.jpeg 768w\" sizes=\"(max-width: 1280px) 100vw, 1280px\" \/>\t\t\t\t\t\t\t\t\t\t\t\t\t\t\t<\/div>\n\t\t\t\t<\/div>\n\t\t\t\t\t<\/div>\n\t\t<\/div>\n\t\t\t\t\t<\/div>\n\t\t<\/section>\n\t\t\t\t\t<\/div>\n\t\t<\/div>\n\t\t\t\t\t<\/div>\n\t\t<\/section>\n\t\t\t\t<\/div>\n\t\t","protected":false},"excerpt":{"rendered":"<p>SOCIEDAD CONCESIONARIA NUEVO COMPLEJO FRONTERIZO LOS LIBERTADORES S.A. Con fecha 19 de marzo de 2015, se adjudic\u00f3 mediante Decreto Supremo del Ministerio de Obras P\u00fablicas (el \u201cMOP\u201d) el contrato para la ejecuci\u00f3n, reparaci\u00f3n, conservaci\u00f3n y explotaci\u00f3n de la concesi\u00f3n de la obra p\u00fablica fiscal denominada \u201cNuevo Complejo Fronterizo Los Libertadores\u201d (en adelante, la \u201cConcesi\u00f3n\u201d o [&hellip;]<\/p>\n","protected":false},"author":1,"featured_media":0,"parent":0,"menu_order":0,"comment_status":"closed","ping_status":"closed","template":"elementor_header_footer","meta":{"footnotes":""},"class_list":["post-458","page","type-page","status-publish","hentry"],"_links":{"self":[{"href":"https:\/\/ncfloslibertadores.cl\/index.php\/wp-json\/wp\/v2\/pages\/458","targetHints":{"allow":["GET"]}}],"collection":[{"href":"https:\/\/ncfloslibertadores.cl\/index.php\/wp-json\/wp\/v2\/pages"}],"about":[{"href":"https:\/\/ncfloslibertadores.cl\/index.php\/wp-json\/wp\/v2\/types\/page"}],"author":[{"embeddable":true,"href":"https:\/\/ncfloslibertadores.cl\/index.php\/wp-json\/wp\/v2\/users\/1"}],"replies":[{"embeddable":true,"href":"https:\/\/ncfloslibertadores.cl\/index.php\/wp-json\/wp\/v2\/comments?post=458"}],"version-history":[{"count":34,"href":"https:\/\/ncfloslibertadores.cl\/index.php\/wp-json\/wp\/v2\/pages\/458\/revisions"}],"predecessor-version":[{"id":762,"href":"https:\/\/ncfloslibertadores.cl\/index.php\/wp-json\/wp\/v2\/pages\/458\/revisions\/762"}],"wp:attachment":[{"href":"https:\/\/ncfloslibertadores.cl\/index.php\/wp-json\/wp\/v2\/media?parent=458"}],"curies":[{"name":"wp","href":"https:\/\/api.w.org\/{rel}","templated":true}]}}